{"id":59,"date":"2021-09-23T17:11:45","date_gmt":"2021-09-23T17:11:45","guid":{"rendered":"http:\/\/adwokat-rafalski.waw.pl\/?page_id=59"},"modified":"2021-10-22T09:44:22","modified_gmt":"2021-10-22T09:44:22","slug":"kontakt-2","status":"publish","type":"page","link":"https:\/\/adwokat-rafalski.waw.pl\/index.php\/kontakt-2\/","title":{"rendered":"Kontakt"},"content":{"rendered":"\n<div class=\"wp-block-image\"><figure class=\"aligncenter size-full is-resized\"><img loading=\"lazy\" decoding=\"async\" src=\"http:\/\/adwokat-rafalski.waw.pl\/wp-content\/uploads\/2021\/10\/napis1.png\" alt=\"\" class=\"wp-image-208\" width=\"750\" height=\"113\" srcset=\"https:\/\/adwokat-rafalski.waw.pl\/wp-content\/uploads\/2021\/10\/napis1.png 1000w, https:\/\/adwokat-rafalski.waw.pl\/wp-content\/uploads\/2021\/10\/napis1-300x45.png 300w, https:\/\/adwokat-rafalski.waw.pl\/wp-content\/uploads\/2021\/10\/napis1-768x115.png 768w\" sizes=\"auto, (max-width: 750px) 100vw, 750px\" \/><\/figure><\/div>\n\n\n\n<div class=\"wp-block-columns is-layout-flex wp-container-core-columns-is-layout-9d6595d7 wp-block-columns-is-layout-flex\">\n<div class=\"wp-block-column is-layout-flow wp-block-column-is-layout-flow\">\n\n<div class=\"wpcf7 no-js\" id=\"wpcf7-f61-o1\" lang=\"pl-PL\" dir=\"ltr\" data-wpcf7-id=\"61\">\n<div class=\"screen-reader-response\"><p role=\"status\" aria-live=\"polite\" aria-atomic=\"true\"><\/p> <ul><\/ul><\/div>\n<form action=\"\/index.php\/wp-json\/wp\/v2\/pages\/59#wpcf7-f61-o1\" method=\"post\" class=\"wpcf7-form init\" aria-label=\"Contact form\" novalidate=\"novalidate\" data-status=\"init\">\n<fieldset class=\"hidden-fields-container\"><input type=\"hidden\" name=\"_wpcf7\" value=\"61\" \/><input type=\"hidden\" name=\"_wpcf7_version\" value=\"6.1.5\" \/><input type=\"hidden\" name=\"_wpcf7_locale\" value=\"pl_PL\" \/><input type=\"hidden\" name=\"_wpcf7_unit_tag\" value=\"wpcf7-f61-o1\" \/><input type=\"hidden\" name=\"_wpcf7_container_post\" value=\"0\" \/><input type=\"hidden\" name=\"_wpcf7_posted_data_hash\" value=\"\" \/><input type=\"hidden\" name=\"_wpcf7_recaptcha_response\" value=\"\" \/>\n<\/fieldset>\n<p><label> Twoje imi\u0119<br \/>\n<span class=\"wpcf7-form-control-wrap\" data-name=\"your-name\"><input size=\"40\" maxlength=\"400\" class=\"wpcf7-form-control wpcf7-text wpcf7-validates-as-required\" aria-required=\"true\" aria-invalid=\"false\" value=\"\" type=\"text\" name=\"your-name\" \/><\/span> <\/label>\n<\/p>\n<p><label> Tw\u00f3j adres e-mail<br \/>\n<span class=\"wpcf7-form-control-wrap\" data-name=\"your-email\"><input size=\"40\" maxlength=\"400\" class=\"wpcf7-form-control wpcf7-email wpcf7-validates-as-required wpcf7-text wpcf7-validates-as-email\" aria-required=\"true\" aria-invalid=\"false\" value=\"\" type=\"email\" name=\"your-email\" \/><\/span> <\/label>\n<\/p>\n<p><label> telefon<br \/>\n<span class=\"wpcf7-form-control-wrap\" data-name=\"tel-338\"><input size=\"40\" maxlength=\"400\" class=\"wpcf7-form-control wpcf7-tel wpcf7-validates-as-required wpcf7-text wpcf7-validates-as-tel\" aria-required=\"true\" aria-invalid=\"false\" value=\"\" type=\"tel\" name=\"tel-338\" \/><\/span><\/label><br \/>\n<label> Temat<br \/>\n<span class=\"wpcf7-form-control-wrap\" data-name=\"your-subject\"><input size=\"40\" maxlength=\"400\" class=\"wpcf7-form-control wpcf7-text wpcf7-validates-as-required\" aria-required=\"true\" aria-invalid=\"false\" value=\"\" type=\"text\" name=\"your-subject\" \/><\/span> <\/label><br \/>\n<label> Zakres spraw<br \/>\n<span class=\"wpcf7-form-control-wrap\" data-name=\"menu-344\"><select class=\"wpcf7-form-control wpcf7-select\" aria-invalid=\"false\" multiple=\"multiple\" name=\"menu-344[]\"><option value=\"Sprawy cywilne\">Sprawy cywilne<\/option><option value=\"Sprawy rodzinne\">Sprawy rodzinne<\/option><option value=\"Sprawy karne\">Sprawy karne<\/option><option value=\"Prawo pracy\">Prawo pracy<\/option><option value=\"Ubezpieczenia spo\u0142eczne\">Ubezpieczenia spo\u0142eczne<\/option><option value=\"Dla firm\">Dla firm<\/option><option value=\"Inne\">Inne<\/option><\/select><\/span><\/label>\n<\/p>\n<p><label> Twoja wiadomo\u015bci (opcjonalne)<br \/>\n<span class=\"wpcf7-form-control-wrap\" data-name=\"your-message\"><textarea cols=\"40\" rows=\"10\" maxlength=\"2000\" class=\"wpcf7-form-control wpcf7-textarea\" aria-invalid=\"false\" name=\"your-message\"><\/textarea><\/span> <\/label><br \/>\n<span class=\"wpcf7-form-control-wrap recaptcha\" data-name=\"recaptcha\"><span data-sitekey=\"6LeYh5QcAAAAACJRYrDSb5FgpNdZ2Qk61mcP64EA\" class=\"wpcf7-form-control wpcf7-recaptcha g-recaptcha\"><\/span>\r\n<noscript>\r\n\t<div class=\"grecaptcha-noscript\">\r\n\t\t<iframe loading=\"lazy\" src=\"https:\/\/www.google.com\/recaptcha\/api\/fallback?k=6LeYh5QcAAAAACJRYrDSb5FgpNdZ2Qk61mcP64EA\" frameborder=\"0\" scrolling=\"no\" width=\"310\" height=\"430\">\r\n\t\t<\/iframe>\r\n\t\t<textarea name=\"g-recaptcha-response\" rows=\"3\" cols=\"40\" placeholder=\"reCaptcha Response Here\">\r\n\t\t<\/textarea>\r\n\t<\/div>\r\n<\/noscript>\r\n<\/span>\n<\/p>\n<p><input class=\"wpcf7-form-control wpcf7-submit has-spinner\" type=\"submit\" value=\"Wy\u015blij\" \/>\n<\/p><p style=\"display: none !important;\" class=\"akismet-fields-container\" data-prefix=\"_wpcf7_ak_\"><label>&#916;<textarea name=\"_wpcf7_ak_hp_textarea\" cols=\"45\" rows=\"8\" maxlength=\"100\"><\/textarea><\/label><input type=\"hidden\" id=\"ak_js_1\" name=\"_wpcf7_ak_js\" value=\"212\"\/><script>document.getElementById( \"ak_js_1\" ).setAttribute( \"value\", ( new Date() ).getTime() );<\/script><\/p><div class=\"wpcf7-response-output\" aria-hidden=\"true\"><\/div>\n<\/form>\n<\/div>\n\n<\/div>\n\n\n\n<div class=\"wp-block-column is-layout-flow wp-block-column-is-layout-flow\">\n<p><strong>Kancelaria Adwokacka Adwokata Micha\u0142a Rafalskiego<\/strong><\/p>\n\n\n\n<p>01 \u2013 423 Warszawa \u2013 dzielnica Wola<\/p>\n\n\n\n<p>ul. Obozowa 56 lok. 42, III p.<\/p>\n\n\n\n<p class=\"has-medium-font-size\">tel.: <strong>796&nbsp;545&nbsp;541<\/strong><\/p>\n\n\n\n<p>e-mail: <a href=\"mailto:michal.rafalski@adwokatura.pl\">biuro@adwokat-rafalski.waw.pl<\/a><\/p>\n\n\n\n<p>Numer konta bankowego: <\/p>\n\n\n\n<p><strong>98 1160 2202 0000 0004 9939 1997<\/strong>&nbsp;<\/p>\n\n\n\n<p>NIP: <strong>5222676249<\/strong><\/p>\n\n\n\n<p>REGON: <strong>140137294<\/strong><\/p>\n\n\n\n<p>Spotkania odbywaj\u0105 si\u0119 po wcze\u015bniejszym uzgodnieniu telefonicznym. Istnieje mo\u017cliwo\u015b\u0107 um\u00f3wienia spotkania w dogodnych dla Klienta godzinach \u2013 tak\u017ce w soboty i niedziele. Zach\u0119camy tak\u017ce do korzystania z porad prawnych on-line.<\/p>\n<\/div>\n<\/div>\n","protected":false},"excerpt":{"rendered":"<p>Kancelaria Adwokacka Adwokata Micha\u0142a Rafalskiego 01 \u2013 423 Warszawa \u2013 dzielnica Wola ul. Obozowa 56 lok. 42, III p. tel.: 796&nbsp;545&nbsp;541 e-mail: biuro@adwokat-rafalski.waw.pl Numer konta bankowego: 98 1160 2202 0000 0004 9939 1997&nbsp; NIP: 5222676249 REGON: 140137294 Spotkania odbywaj\u0105 si\u0119 po wcze\u015bniejszym uzgodnieniu telefonicznym. Istnieje mo\u017cliwo\u015b\u0107 um\u00f3wienia spotkania w dogodnych dla Klienta godzinach \u2013 tak\u017ce [&hellip;]<\/p>\n","protected":false},"author":1,"featured_media":0,"parent":0,"menu_order":0,"comment_status":"closed","ping_status":"closed","template":"","meta":{"footnotes":""},"class_list":["post-59","page","type-page","status-publish","hentry"],"_links":{"self":[{"href":"https:\/\/adwokat-rafalski.waw.pl\/index.php\/wp-json\/wp\/v2\/pages\/59","targetHints":{"allow":["GET"]}}],"collection":[{"href":"https:\/\/adwokat-rafalski.waw.pl\/index.php\/wp-json\/wp\/v2\/pages"}],"about":[{"href":"https:\/\/adwokat-rafalski.waw.pl\/index.php\/wp-json\/wp\/v2\/types\/page"}],"author":[{"embeddable":true,"href":"https:\/\/adwokat-rafalski.waw.pl\/index.php\/wp-json\/wp\/v2\/users\/1"}],"replies":[{"embeddable":true,"href":"https:\/\/adwokat-rafalski.waw.pl\/index.php\/wp-json\/wp\/v2\/comments?post=59"}],"version-history":[{"count":11,"href":"https:\/\/adwokat-rafalski.waw.pl\/index.php\/wp-json\/wp\/v2\/pages\/59\/revisions"}],"predecessor-version":[{"id":246,"href":"https:\/\/adwokat-rafalski.waw.pl\/index.php\/wp-json\/wp\/v2\/pages\/59\/revisions\/246"}],"wp:attachment":[{"href":"https:\/\/adwokat-rafalski.waw.pl\/index.php\/wp-json\/wp\/v2\/media?parent=59"}],"curies":[{"name":"wp","href":"https:\/\/api.w.org\/{rel}","templated":true}]}}