{"id":57,"date":"2021-09-23T17:11:04","date_gmt":"2021-09-23T17:11:04","guid":{"rendered":"http:\/\/adwokat-rafalski.waw.pl\/?page_id=57"},"modified":"2021-10-22T18:32:45","modified_gmt":"2021-10-22T18:32:45","slug":"porady-on-line","status":"publish","type":"page","link":"https:\/\/adwokat-rafalski.waw.pl\/index.php\/porady-on-line\/","title":{"rendered":"Porady on-line"},"content":{"rendered":"\n<div class=\"wp-block-image\"><figure class=\"aligncenter size-full is-resized\"><img loading=\"lazy\" decoding=\"async\" src=\"https:\/\/adwokat-rafalski.waw.pl\/wp-content\/uploads\/2021\/10\/napis1.png\" alt=\"\" class=\"wp-image-208\" width=\"750\" height=\"113\" srcset=\"https:\/\/adwokat-rafalski.waw.pl\/wp-content\/uploads\/2021\/10\/napis1.png 1000w, https:\/\/adwokat-rafalski.waw.pl\/wp-content\/uploads\/2021\/10\/napis1-300x45.png 300w, https:\/\/adwokat-rafalski.waw.pl\/wp-content\/uploads\/2021\/10\/napis1-768x115.png 768w\" sizes=\"auto, (max-width: 750px) 100vw, 750px\" \/><\/figure><\/div>\n\n\n\n<p>Porady on-line to skuteczny spos\u00f3b na uzyskanie pomocy prawnej bez wychodzenia z domu. Porada on line prowadzona jest drog\u0105 mailow\u0105 z dodatkow\u0105 mo\u017cliwo\u015bci\u0105 kontaktu telefonicznego. W celu skorzystania z porady on-line nale\u017cy:<\/p>\n\n\n\n<div class=\"wp-block-columns is-layout-flex wp-container-core-columns-is-layout-9d6595d7 wp-block-columns-is-layout-flex\">\n<div class=\"wp-block-column is-layout-flow wp-block-column-is-layout-flow\">\n<div class=\"wp-block-image\"><figure class=\"aligncenter size-full is-resized\"><img loading=\"lazy\" decoding=\"async\" src=\"https:\/\/adwokat-rafalski.waw.pl\/wp-content\/uploads\/2021\/10\/1.png\" alt=\"\" class=\"wp-image-253\" width=\"68\" height=\"65\"\/><\/figure><\/div>\n\n\n\n<p>wys\u0142a\u0107 maila na adres: <a href=\"mailto:michal.rafalski@adwokatura.pl\">biuro@adwokat-rafalski.waw.pl<\/a> <\/p>\n\n\n\n<p>\u2013 w wiadomo\u015bci nale\u017cy opisa\u0107 problem prawny i za\u0142\u0105czy\u0107 ewentualne dokumenty, a tak\u017ce poda\u0107 numer telefonu do kontaktu<\/p>\n<\/div>\n\n\n\n<div class=\"wp-block-column is-layout-flow wp-block-column-is-layout-flow\">\n<div class=\"wp-block-image\"><figure class=\"aligncenter size-full is-resized\"><img loading=\"lazy\" decoding=\"async\" src=\"https:\/\/adwokat-rafalski.waw.pl\/wp-content\/uploads\/2021\/10\/2.png\" alt=\"\" class=\"wp-image-255\" width=\"68\" height=\"65\"\/><\/figure><\/div>\n\n\n\n<p> niezw\u0142ocznie, jednak nie p\u00f3\u017aniej ni\u017c w ci\u0105gu 24 godzin, odpowiemy na Pa\u0144stwa maila i w wiadomo\u015bci podamy wysoko\u015b\u0107 op\u0142aty oraz numer konta, na kt\u00f3re nale\u017cy j\u0105 wp\u0142aci\u0107 <\/p>\n\n\n\n<p>\u2013 rozpocz\u0119cie wykonywania us\u0142ugi nast\u0105pi po zaksi\u0119gowaniu wp\u0142aty na rachunku bankowym Kancelarii. W przypadku konsument\u00f3w &#8211; wykonanie przelewu jest r\u00f3wnowa\u017cne ze zgod\u0105 na natychmiastowe \u015bwiadczenie us\u0142ugi i stanowi zrzeczenie si\u0119&nbsp; prawa do odst\u0105pienia od umowy zawartej poza lokalem przedsi\u0119biorstwa.<\/p>\n<\/div>\n\n\n\n<div class=\"wp-block-column is-layout-flow wp-block-column-is-layout-flow\">\n<div class=\"wp-block-image is-style-default\"><figure class=\"aligncenter size-full is-resized\"><img loading=\"lazy\" decoding=\"async\" src=\"https:\/\/adwokat-rafalski.waw.pl\/wp-content\/uploads\/2021\/10\/3.png\" alt=\"\" class=\"wp-image-256\" width=\"68\" height=\"65\"\/><\/figure><\/div>\n\n\n\n<p>niezw\u0142ocznie \u2013 jednak nie p\u00f3\u017aniej ni\u017c w ci\u0105gu 48 godzin od zaksi\u0119gowania wp\u0142aty zostanie przes\u0142ana drog\u0105 mailow\u0105 w formacie doc. lub PDF. porada prawna dla Klienta.<\/p>\n\n\n\n<p> Maj\u0105c na wzgl\u0119dzie najwy\u017csz\u0105 jako\u015b\u0107 \u015bwiadczonych przez nas us\u0142ug, Kancelaria zastrzega sobie prawo do przygotowania porady prawnej dopiero po uprzednim kontakcie mailowym lub telefonicznym z Klientem w celu zadania dodatkowych pyta\u0144 dotycz\u0105cych przedstawionego problemu prawnego lub przes\u0142ania przez Klienta dodatkowych dokument\u00f3w.&nbsp;&nbsp;&nbsp;<\/p>\n<\/div>\n<\/div>\n\n\n\n<p><\/p>\n\n\n\n<p>&nbsp;&nbsp;<\/p>\n","protected":false},"excerpt":{"rendered":"<p>Porady on-line to skuteczny spos\u00f3b na uzyskanie pomocy prawnej bez wychodzenia z domu. Porada on line prowadzona jest drog\u0105 mailow\u0105 z dodatkow\u0105 mo\u017cliwo\u015bci\u0105 kontaktu telefonicznego. W celu skorzystania z porady on-line nale\u017cy: wys\u0142a\u0107 maila na adres: biuro@adwokat-rafalski.waw.pl \u2013 w wiadomo\u015bci nale\u017cy opisa\u0107 problem prawny i za\u0142\u0105czy\u0107 ewentualne dokumenty, a tak\u017ce poda\u0107 numer telefonu do kontaktu [&hellip;]<\/p>\n","protected":false},"author":1,"featured_media":0,"parent":0,"menu_order":0,"comment_status":"closed","ping_status":"closed","template":"","meta":{"footnotes":""},"class_list":["post-57","page","type-page","status-publish","hentry"],"_links":{"self":[{"href":"https:\/\/adwokat-rafalski.waw.pl\/index.php\/wp-json\/wp\/v2\/pages\/57","targetHints":{"allow":["GET"]}}],"collection":[{"href":"https:\/\/adwokat-rafalski.waw.pl\/index.php\/wp-json\/wp\/v2\/pages"}],"about":[{"href":"https:\/\/adwokat-rafalski.waw.pl\/index.php\/wp-json\/wp\/v2\/types\/page"}],"author":[{"embeddable":true,"href":"https:\/\/adwokat-rafalski.waw.pl\/index.php\/wp-json\/wp\/v2\/users\/1"}],"replies":[{"embeddable":true,"href":"https:\/\/adwokat-rafalski.waw.pl\/index.php\/wp-json\/wp\/v2\/comments?post=57"}],"version-history":[{"count":9,"href":"https:\/\/adwokat-rafalski.waw.pl\/index.php\/wp-json\/wp\/v2\/pages\/57\/revisions"}],"predecessor-version":[{"id":262,"href":"https:\/\/adwokat-rafalski.waw.pl\/index.php\/wp-json\/wp\/v2\/pages\/57\/revisions\/262"}],"wp:attachment":[{"href":"https:\/\/adwokat-rafalski.waw.pl\/index.php\/wp-json\/wp\/v2\/media?parent=57"}],"curies":[{"name":"wp","href":"https:\/\/api.w.org\/{rel}","templated":true}]}}