{"id":55,"date":"2021-09-23T17:09:34","date_gmt":"2021-09-23T17:09:34","guid":{"rendered":"http:\/\/adwokat-rafalski.waw.pl\/?page_id=55"},"modified":"2021-10-22T07:34:32","modified_gmt":"2021-10-22T07:34:32","slug":"dla-firm","status":"publish","type":"page","link":"https:\/\/adwokat-rafalski.waw.pl\/index.php\/dla-firm\/","title":{"rendered":"Dla firm"},"content":{"rendered":"\n<div class=\"wp-block-image\"><figure class=\"aligncenter size-full is-resized\"><img loading=\"lazy\" decoding=\"async\" src=\"http:\/\/adwokat-rafalski.waw.pl\/wp-content\/uploads\/2021\/10\/napis1.png\" alt=\"\" class=\"wp-image-208\" width=\"750\" height=\"113\" srcset=\"https:\/\/adwokat-rafalski.waw.pl\/wp-content\/uploads\/2021\/10\/napis1.png 1000w, https:\/\/adwokat-rafalski.waw.pl\/wp-content\/uploads\/2021\/10\/napis1-300x45.png 300w, https:\/\/adwokat-rafalski.waw.pl\/wp-content\/uploads\/2021\/10\/napis1-768x115.png 768w\" sizes=\"auto, (max-width: 750px) 100vw, 750px\" \/><\/figure><\/div>\n\n\n<p><\/p>\n<p>Kancelaria \u015bwiadczy kompleksow\u0105 pomoc prawn\u0105 dla firm. \u015awiadczymy pomoc prawn\u0105 zar\u00f3wno w post\u0119powaniu s\u0105dowym, jak te\u017c zajmujemy si\u0119 szeroko poj\u0119tym doradztwem prawnym. Przygotowujemy i opiniujemy wzory um\u00f3w, pism procesowych i innych dokument\u00f3w, pomagamy w negocjacjach i mediacjach.<\/p>\n\n\n<div class=\"wp-block-image\"><figure class=\"aligncenter size-full is-resized\"><img loading=\"lazy\" decoding=\"async\" src=\"http:\/\/adwokat-rafalski.waw.pl\/wp-content\/uploads\/2021\/10\/telefon.png\" alt=\"\" class=\"wp-image-209\" width=\"750\" height=\"113\" srcset=\"https:\/\/adwokat-rafalski.waw.pl\/wp-content\/uploads\/2021\/10\/telefon.png 1000w, https:\/\/adwokat-rafalski.waw.pl\/wp-content\/uploads\/2021\/10\/telefon-300x45.png 300w, https:\/\/adwokat-rafalski.waw.pl\/wp-content\/uploads\/2021\/10\/telefon-768x115.png 768w\" sizes=\"auto, (max-width: 750px) 100vw, 750px\" \/><\/figure><\/div>\n","protected":false},"excerpt":{"rendered":"<p>Kancelaria \u015bwiadczy kompleksow\u0105 pomoc prawn\u0105 dla firm. \u015awiadczymy pomoc prawn\u0105 zar\u00f3wno w post\u0119powaniu s\u0105dowym, jak te\u017c zajmujemy si\u0119 szeroko poj\u0119tym doradztwem prawnym. Przygotowujemy i opiniujemy wzory um\u00f3w, pism procesowych i innych dokument\u00f3w, pomagamy w negocjacjach i mediacjach.<\/p>\n","protected":false},"author":1,"featured_media":0,"parent":0,"menu_order":0,"comment_status":"closed","ping_status":"closed","template":"","meta":{"footnotes":""},"class_list":["post-55","page","type-page","status-publish","hentry"],"_links":{"self":[{"href":"https:\/\/adwokat-rafalski.waw.pl\/index.php\/wp-json\/wp\/v2\/pages\/55","targetHints":{"allow":["GET"]}}],"collection":[{"href":"https:\/\/adwokat-rafalski.waw.pl\/index.php\/wp-json\/wp\/v2\/pages"}],"about":[{"href":"https:\/\/adwokat-rafalski.waw.pl\/index.php\/wp-json\/wp\/v2\/types\/page"}],"author":[{"embeddable":true,"href":"https:\/\/adwokat-rafalski.waw.pl\/index.php\/wp-json\/wp\/v2\/users\/1"}],"replies":[{"embeddable":true,"href":"https:\/\/adwokat-rafalski.waw.pl\/index.php\/wp-json\/wp\/v2\/comments?post=55"}],"version-history":[{"count":14,"href":"https:\/\/adwokat-rafalski.waw.pl\/index.php\/wp-json\/wp\/v2\/pages\/55\/revisions"}],"predecessor-version":[{"id":242,"href":"https:\/\/adwokat-rafalski.waw.pl\/index.php\/wp-json\/wp\/v2\/pages\/55\/revisions\/242"}],"wp:attachment":[{"href":"https:\/\/adwokat-rafalski.waw.pl\/index.php\/wp-json\/wp\/v2\/media?parent=55"}],"curies":[{"name":"wp","href":"https:\/\/api.w.org\/{rel}","templated":true}]}}