{"id":53,"date":"2021-09-23T17:09:00","date_gmt":"2021-09-23T17:09:00","guid":{"rendered":"http:\/\/adwokat-rafalski.waw.pl\/?page_id=53"},"modified":"2021-10-22T08:25:18","modified_gmt":"2021-10-22T08:25:18","slug":"sprawy-z-zakresu-prawa-pracy-i-ubezpieczen-spolecznych","status":"publish","type":"page","link":"https:\/\/adwokat-rafalski.waw.pl\/index.php\/sprawy\/sprawy-z-zakresu-prawa-pracy-i-ubezpieczen-spolecznych\/","title":{"rendered":"Sprawy z zakresu prawa pracy i ubezpiecze\u0144 spo\u0142ecznych"},"content":{"rendered":"\n<div class=\"wp-block-image\"><figure class=\"aligncenter size-full is-resized\"><img loading=\"lazy\" decoding=\"async\" src=\"http:\/\/adwokat-rafalski.waw.pl\/wp-content\/uploads\/2021\/10\/napis1.png\" alt=\"\" class=\"wp-image-208\" width=\"750\" height=\"113\" srcset=\"https:\/\/adwokat-rafalski.waw.pl\/wp-content\/uploads\/2021\/10\/napis1.png 1000w, https:\/\/adwokat-rafalski.waw.pl\/wp-content\/uploads\/2021\/10\/napis1-300x45.png 300w, https:\/\/adwokat-rafalski.waw.pl\/wp-content\/uploads\/2021\/10\/napis1-768x115.png 768w\" sizes=\"auto, (max-width: 750px) 100vw, 750px\" \/><\/figure><\/div>\n\n\n\n<p>Kancelaria \u015bwiadczy kompleksow\u0105 pomoc prawn\u0105 w sprawach z zakresu prawa pracy i ubezpiecze\u0144 spo\u0142ecznych.<\/p>\n\n\n\n<p><strong>Do najcz\u0119stszych spraw z zakresu prawa pracy nale\u017c\u0105:<\/strong><\/p>\n\n\n\n<p>&#8211; sprawy o przywr\u00f3cenie do pracy oraz odszkodowanie z tytu\u0142u niezgodnego z prawem rozwi\u0105zania stosunku pracy<\/p>\n\n\n\n<p>&#8211; sprawy o przywr\u00f3cenie dotychczasowych warunk\u00f3w pracy i p\u0142acy<\/p>\n\n\n\n<p>&#8211; sprawy o ustalenie istnienia stosunku pracy&nbsp;<\/p>\n\n\n\n<p>&#8211; sprawy o mobbing<\/p>\n\n\n\n<p>&#8211; odwo\u0142ania od ukarania pracownika kar\u0105 porz\u0105dkow\u0105<\/p>\n\n\n\n<p>&#8211; sprawy dyscyplinarne<\/p>\n\n\n\n<p>Kancelaria \u015bwiadczy profesjonaln\u0105 pomoc prawn\u0105 dla pracownik\u00f3w i pracodawc\u00f3w &#8211; zar\u00f3wno w zakresie prawa pracy uregulowanego kodeksie pracy, jak i w sprawach regulowanych przez inne przepisy \u2013 m.in. sprawy nauczycieli, urz\u0119dnik\u00f3w oraz pracownik\u00f3w naukowych.<\/p>\n\n\n\n<p><strong>Do najcz\u0119stszych spraw z zakresu ubezpiecze\u0144 spo\u0142ecznych nale\u017c\u0105:<\/strong><\/p>\n\n\n\n<p>&#8211; sprawy dotycz\u0105ce ustalenia prawa do emerytury lub renty \u2013 w przypadkach odmowy ich przyznania lub zani\u017conej wysoko\u015bci<\/p>\n\n\n\n<p>&#8211; sprawy dotycz\u0105ce zasi\u0142k\u00f3w \u2013 macierzy\u0144skiego, chorobowego, opieku\u0144czego \u2013 w przypadkach odmowy ich przyznania lub zani\u017conej wysoko\u015bci<\/p>\n\n\n\n<p>&#8211; sprawy o odszkodowanie oraz o rent\u0119 z tytu\u0142u wypadku przy pracy oraz choroby zawodowej<\/p>\n\n\n\n<p>&#8211; sprawy o podleganie ubezpieczeniom spo\u0142ecznym<\/p>\n\n\n\n<p>&#8211; sprawy o zwrot nienale\u017cnie pobranych \u015bwiadcze\u0144 z ubezpieczenia spo\u0142ecznego<\/p>\n\n\n\n<p>&#8211; sprawy o zwrot nienale\u017cnie zap\u0142aconych sk\u0142adek na ubezpieczenie spo\u0142eczne<\/p>\n\n\n\n<p>Kancelaria \u015bwiadczy kompleksow\u0105 pomoc prawn\u0105 ubezpieczonym na wszystkich etapach post\u0119powania \u2013 zar\u00f3wno przed organem rentowym (ZUS, KRUS), jak i w post\u0119powaniu prowadzonym przed s\u0105dem po wniesieniu odwo\u0142ania od decyzji organu rentowego.<\/p>\n\n\n\n<div class=\"wp-block-image\"><figure class=\"aligncenter size-full is-resized\"><img loading=\"lazy\" decoding=\"async\" src=\"http:\/\/adwokat-rafalski.waw.pl\/wp-content\/uploads\/2021\/10\/telefon.png\" alt=\"\" class=\"wp-image-209\" width=\"750\" height=\"113\" srcset=\"https:\/\/adwokat-rafalski.waw.pl\/wp-content\/uploads\/2021\/10\/telefon.png 1000w, https:\/\/adwokat-rafalski.waw.pl\/wp-content\/uploads\/2021\/10\/telefon-300x45.png 300w, https:\/\/adwokat-rafalski.waw.pl\/wp-content\/uploads\/2021\/10\/telefon-768x115.png 768w\" sizes=\"auto, (max-width: 750px) 100vw, 750px\" \/><\/figure><\/div>\n","protected":false},"excerpt":{"rendered":"<p>Kancelaria \u015bwiadczy kompleksow\u0105 pomoc prawn\u0105 w sprawach z zakresu prawa pracy i ubezpiecze\u0144 spo\u0142ecznych. Do najcz\u0119stszych spraw z zakresu prawa pracy nale\u017c\u0105: &#8211; sprawy o przywr\u00f3cenie do pracy oraz odszkodowanie z tytu\u0142u niezgodnego z prawem rozwi\u0105zania stosunku pracy &#8211; sprawy o przywr\u00f3cenie dotychczasowych warunk\u00f3w pracy i p\u0142acy &#8211; sprawy o ustalenie istnienia stosunku pracy&nbsp; &#8211; [&hellip;]<\/p>\n","protected":false},"author":1,"featured_media":0,"parent":45,"menu_order":4,"comment_status":"closed","ping_status":"closed","template":"","meta":{"footnotes":""},"class_list":["post-53","page","type-page","status-publish","hentry"],"_links":{"self":[{"href":"https:\/\/adwokat-rafalski.waw.pl\/index.php\/wp-json\/wp\/v2\/pages\/53","targetHints":{"allow":["GET"]}}],"collection":[{"href":"https:\/\/adwokat-rafalski.waw.pl\/index.php\/wp-json\/wp\/v2\/pages"}],"about":[{"href":"https:\/\/adwokat-rafalski.waw.pl\/index.php\/wp-json\/wp\/v2\/types\/page"}],"author":[{"embeddable":true,"href":"https:\/\/adwokat-rafalski.waw.pl\/index.php\/wp-json\/wp\/v2\/users\/1"}],"replies":[{"embeddable":true,"href":"https:\/\/adwokat-rafalski.waw.pl\/index.php\/wp-json\/wp\/v2\/comments?post=53"}],"version-history":[{"count":2,"href":"https:\/\/adwokat-rafalski.waw.pl\/index.php\/wp-json\/wp\/v2\/pages\/53\/revisions"}],"predecessor-version":[{"id":239,"href":"https:\/\/adwokat-rafalski.waw.pl\/index.php\/wp-json\/wp\/v2\/pages\/53\/revisions\/239"}],"up":[{"embeddable":true,"href":"https:\/\/adwokat-rafalski.waw.pl\/index.php\/wp-json\/wp\/v2\/pages\/45"}],"wp:attachment":[{"href":"https:\/\/adwokat-rafalski.waw.pl\/index.php\/wp-json\/wp\/v2\/media?parent=53"}],"curies":[{"name":"wp","href":"https:\/\/api.w.org\/{rel}","templated":true}]}}