{"id":51,"date":"2021-09-23T17:08:02","date_gmt":"2021-09-23T17:08:02","guid":{"rendered":"http:\/\/adwokat-rafalski.waw.pl\/?page_id=51"},"modified":"2021-10-22T08:24:58","modified_gmt":"2021-10-22T08:24:58","slug":"sprawy-karne","status":"publish","type":"page","link":"https:\/\/adwokat-rafalski.waw.pl\/index.php\/sprawy\/sprawy-karne\/","title":{"rendered":"Sprawy karne"},"content":{"rendered":"\n<div class=\"wp-block-image\"><figure class=\"aligncenter size-full is-resized\"><img loading=\"lazy\" decoding=\"async\" src=\"http:\/\/adwokat-rafalski.waw.pl\/wp-content\/uploads\/2021\/10\/napis1.png\" alt=\"\" class=\"wp-image-208\" width=\"750\" height=\"113\" srcset=\"https:\/\/adwokat-rafalski.waw.pl\/wp-content\/uploads\/2021\/10\/napis1.png 1000w, https:\/\/adwokat-rafalski.waw.pl\/wp-content\/uploads\/2021\/10\/napis1-300x45.png 300w, https:\/\/adwokat-rafalski.waw.pl\/wp-content\/uploads\/2021\/10\/napis1-768x115.png 768w\" sizes=\"auto, (max-width: 750px) 100vw, 750px\" \/><\/figure><\/div>\n\n\n\n<p>Kancelaria \u015bwiadczy wszechstronn\u0105 pomoc prawn\u0105 w sprawach karnych \u2013 \u015bwiadczymy zar\u00f3wno us\u0142ugi w zakresie obrony oskar\u017conego i podejrzanego o przest\u0119pstwo, jak i pomagamy pokrzywdzonym w dochodzeniu ich praw w post\u0119powaniu karnym. Kancelaria \u015bwiadczy pomoc prawn\u0105 w szczeg\u00f3lno\u015bci w sprawach:<\/p>\n\n\n\n<p>&#8211; obrony podejrzanych i reprezentacji pokrzywdzonych na wszystkich etapach post\u0119powania (post\u0119powanie przygotowawcze przed prokuratur\u0105, policj\u0105 lub innymi organami, post\u0119powanie s\u0105dowe, post\u0119powanie kasacyjne)<\/p>\n\n\n\n<p>&#8211; w przygotowaniu prywatnych akt\u00f3w oskar\u017cenia oraz obronie i reprezentacji w post\u0119powaniu prywatnoskargowym<\/p>\n\n\n\n<p>&#8211; pomoc osobom zatrzymanym<\/p>\n\n\n\n<p>&#8211; obron\u0119 w sprawach o wykroczenia<\/p>\n\n\n\n<p>&#8211; obron\u0119 w sprawach karnoskarbowych<\/p>\n\n\n\n<p>&#8211; obron\u0119 w post\u0119powaniu w sprawach nieletnich<\/p>\n\n\n\n<p>&#8211; obron\u0119 w post\u0119powaniu dyscyplinarnym&nbsp;<\/p>\n\n\n\n<p>&#8211; pomoc prawn\u0105 po uprawomocnieniu si\u0119 wyroku karnego \u2013 w tym w post\u0119powaniu w sprawie kary \u0142\u0105cznej oraz w post\u0119powaniu podj\u0119tym po warunkowym umorzeniu post\u0119powania<\/p>\n\n\n\n<p>&#8211; pomoc prawn\u0105 w post\u0119powaniu karnym wykonawczym \u2013 reprezentujemy skazanego w sprawie o odroczenie odbywania kary pozbawienia wolno\u015bci, o przerw\u0119 w odbywaniu kary oraz o warunkowe przedterminowe zwolnienie z odbywania dalszej cz\u0119\u015bci kary<\/p>\n\n\n\n<p>&#8211; oferujemy pomoc w przygotowaniu pro\u015bby o u\u0142askawienie<\/p>\n\n\n\n<p>&#8211; oferujemy pomoc prawn\u0105 w sprawach o odszkodowanie i zado\u015b\u0107uczynienie w przypadku nies\u0142usznego skazania, aresztowania i zatrzymania<\/p>\n\n\n\n<p>Istnieje mo\u017cliwo\u015b\u0107 r\u00f3wnoleg\u0142ego prowadzenia przez Kancelari\u0119 spraw w r\u00f3\u017cnych trybach post\u0119powania \u2013 w post\u0119powaniu karnym, cywilnym oraz dyscyplinarnym. Zapewniamy pomoc prawn\u0105 ka\u017cdemu, niezale\u017cnie od wagi pope\u0142nionego czy zarzucanego mu czynu, wychodz\u0105c z za\u0142o\u017cenia, \u017ce ka\u017cdy ma prawo do obrony i pomocy prawnej.<\/p>\n\n\n\n<div class=\"wp-block-image\"><figure class=\"aligncenter size-full is-resized\"><img loading=\"lazy\" decoding=\"async\" src=\"http:\/\/adwokat-rafalski.waw.pl\/wp-content\/uploads\/2021\/10\/telefon.png\" alt=\"\" class=\"wp-image-209\" width=\"750\" height=\"113\" srcset=\"https:\/\/adwokat-rafalski.waw.pl\/wp-content\/uploads\/2021\/10\/telefon.png 1000w, https:\/\/adwokat-rafalski.waw.pl\/wp-content\/uploads\/2021\/10\/telefon-300x45.png 300w, https:\/\/adwokat-rafalski.waw.pl\/wp-content\/uploads\/2021\/10\/telefon-768x115.png 768w\" sizes=\"auto, (max-width: 750px) 100vw, 750px\" \/><\/figure><\/div>\n","protected":false},"excerpt":{"rendered":"<p>Kancelaria \u015bwiadczy wszechstronn\u0105 pomoc prawn\u0105 w sprawach karnych \u2013 \u015bwiadczymy zar\u00f3wno us\u0142ugi w zakresie obrony oskar\u017conego i podejrzanego o przest\u0119pstwo, jak i pomagamy pokrzywdzonym w dochodzeniu ich praw w post\u0119powaniu karnym. Kancelaria \u015bwiadczy pomoc prawn\u0105 w szczeg\u00f3lno\u015bci w sprawach: &#8211; obrony podejrzanych i reprezentacji pokrzywdzonych na wszystkich etapach post\u0119powania (post\u0119powanie przygotowawcze przed prokuratur\u0105, policj\u0105 lub [&hellip;]<\/p>\n","protected":false},"author":1,"featured_media":0,"parent":45,"menu_order":3,"comment_status":"closed","ping_status":"closed","template":"","meta":{"footnotes":""},"class_list":["post-51","page","type-page","status-publish","hentry"],"_links":{"self":[{"href":"https:\/\/adwokat-rafalski.waw.pl\/index.php\/wp-json\/wp\/v2\/pages\/51","targetHints":{"allow":["GET"]}}],"collection":[{"href":"https:\/\/adwokat-rafalski.waw.pl\/index.php\/wp-json\/wp\/v2\/pages"}],"about":[{"href":"https:\/\/adwokat-rafalski.waw.pl\/index.php\/wp-json\/wp\/v2\/types\/page"}],"author":[{"embeddable":true,"href":"https:\/\/adwokat-rafalski.waw.pl\/index.php\/wp-json\/wp\/v2\/users\/1"}],"replies":[{"embeddable":true,"href":"https:\/\/adwokat-rafalski.waw.pl\/index.php\/wp-json\/wp\/v2\/comments?post=51"}],"version-history":[{"count":2,"href":"https:\/\/adwokat-rafalski.waw.pl\/index.php\/wp-json\/wp\/v2\/pages\/51\/revisions"}],"predecessor-version":[{"id":238,"href":"https:\/\/adwokat-rafalski.waw.pl\/index.php\/wp-json\/wp\/v2\/pages\/51\/revisions\/238"}],"up":[{"embeddable":true,"href":"https:\/\/adwokat-rafalski.waw.pl\/index.php\/wp-json\/wp\/v2\/pages\/45"}],"wp:attachment":[{"href":"https:\/\/adwokat-rafalski.waw.pl\/index.php\/wp-json\/wp\/v2\/media?parent=51"}],"curies":[{"name":"wp","href":"https:\/\/api.w.org\/{rel}","templated":true}]}}