{"id":49,"date":"2021-09-23T17:07:14","date_gmt":"2021-09-23T17:07:14","guid":{"rendered":"http:\/\/adwokat-rafalski.waw.pl\/?page_id=49"},"modified":"2021-10-22T06:41:22","modified_gmt":"2021-10-22T06:41:22","slug":"sprawy-rodzinne","status":"publish","type":"page","link":"https:\/\/adwokat-rafalski.waw.pl\/index.php\/sprawy\/sprawy-rodzinne\/","title":{"rendered":"Sprawy rodzinne"},"content":{"rendered":"\n<div class=\"wp-block-image\"><figure class=\"aligncenter size-full is-resized\"><img loading=\"lazy\" decoding=\"async\" src=\"http:\/\/adwokat-rafalski.waw.pl\/wp-content\/uploads\/2021\/10\/napis1.png\" alt=\"\" class=\"wp-image-208\" width=\"750\" height=\"113\" srcset=\"https:\/\/adwokat-rafalski.waw.pl\/wp-content\/uploads\/2021\/10\/napis1.png 1000w, https:\/\/adwokat-rafalski.waw.pl\/wp-content\/uploads\/2021\/10\/napis1-300x45.png 300w, https:\/\/adwokat-rafalski.waw.pl\/wp-content\/uploads\/2021\/10\/napis1-768x115.png 768w\" sizes=\"auto, (max-width: 750px) 100vw, 750px\" \/><\/figure><\/div>\n\n\n\n<p>Kancelaria \u015bwiadczy kompleksow\u0105 pomoc prawn\u0105 w dziedzinie szeroko poj\u0119tego prawa rodzinnego i opieku\u0144czego. Do spraw prowadzonych przez Kancelari\u0119 nale\u017c\u0105 w szczeg\u00f3lno\u015bci:<\/p>\n\n\n\n<p>&#8211; sprawy o rozw\u00f3d<\/p>\n\n\n\n<p>&#8211; sprawy o separacj\u0119<\/p>\n\n\n\n<p>&#8211; sprawy o podzia\u0142 maj\u0105tku wsp\u00f3lnego ma\u0142\u017conk\u00f3w<\/p>\n\n\n\n<p>&#8211; sprawy alimentacyjne \u2013 o zas\u0105dzenie aliment\u00f3w, o zmian\u0119 wysoko\u015bci aliment\u00f3w, o zniesienie obowi\u0105zku alimentacyjnego<\/p>\n\n\n\n<p>&#8211; sprawy o ustalenie kontakt\u00f3w z dzieckiem<\/p>\n\n\n\n<p>&#8211; sprawy o modyfikacj\u0119 w\u0142adzy rodzicielskiej (pozbawienie, ograniczenie, zawieszenie, przywr\u00f3cenie w\u0142adzy rodzicielskiej)<\/p>\n\n\n\n<p>&#8211; sprawy o ustalenie i zaprzeczenie ojcostwa<\/p>\n\n\n\n<p>&#8211; post\u0119powanie zabezpieczaj\u0105ce w sprawach rodzinnych (w szczeg\u00f3lno\u015bci w sprawach o alimenty oraz kontakty z dzieckiem<\/p>\n\n\n\n<p>&#8211; post\u0119powania wykonawcze w sprawach rodzinnych i opieku\u0144czych<\/p>\n\n\n\n<p>Kancelaria \u015bwiadczy kompleksow\u0105 pomoc prawn\u0105 w zakresie prawa rodzinnego na wszystkich etapach post\u0119powania cywilnego. \u015awiadczymy pomoc w zakresie reprezentacji przed s\u0105dem, jak r\u00f3wnie\u017c pomagamy w negocjacjach i mediacjach \u2013 w szczeg\u00f3lno\u015bci w zakresie ustalenia wysoko\u015bci aliment\u00f3w, pomagamy przygotowa\u0107 porozumienia opieku\u0144czo \u2013 wychowawcze dotycz\u0105ce kontakt\u00f3w z dzie\u0107mi, jak r\u00f3wnie\u017c pomagamy w polubownym za\u0142atwieniu spraw dotycz\u0105cych podzia\u0142u maj\u0105tku wsp\u00f3lnego ma\u0142\u017conk\u00f3w. \u015awiadczymy pomoc nawet w najbardziej skomplikowanych sprawach rodzinnych. Oferujemy pomoc w zmianie lub uchyleniu rozstrzygni\u0119\u0107 dotycz\u0105cych w\u0142adzy rodzicielskiej, kontakt\u00f3w z dzieckiem oraz aliment\u00f3w zawartych w prawomocnych orzeczeniach s\u0105d\u00f3w. Pomagamy tak\u017ce w post\u0119powaniach wykonawczych w sprawach rodzinnych i opieku\u0144czych \u2013 skrupulatnie punktujemy b\u0142\u0119dy kurator\u00f3w s\u0105dowych oraz innych organ\u00f3w, a tak\u017ce pomagamy Klientom opracowa\u0107 w\u0142a\u015bciw\u0105 strategi\u0119 procesow\u0105.<\/p>\n\n\n\n<p>Istnieje mo\u017cliwo\u015b\u0107 r\u00f3wnoleg\u0142ej reprezentacji Klienta w sprawach rodzinnych oraz w post\u0119powaniu karnym \u2013 w szczeg\u00f3lno\u015bci w sprawach o zn\u0119canie si\u0119 nad rodzin\u0105 oraz w sprawach alimentacyjnych.<\/p>\n\n\n\n<div class=\"wp-block-image\"><figure class=\"aligncenter size-full is-resized\"><img loading=\"lazy\" decoding=\"async\" src=\"http:\/\/adwokat-rafalski.waw.pl\/wp-content\/uploads\/2021\/10\/telefon.png\" alt=\"\" class=\"wp-image-209\" width=\"750\" height=\"113\" srcset=\"https:\/\/adwokat-rafalski.waw.pl\/wp-content\/uploads\/2021\/10\/telefon.png 1000w, https:\/\/adwokat-rafalski.waw.pl\/wp-content\/uploads\/2021\/10\/telefon-300x45.png 300w, https:\/\/adwokat-rafalski.waw.pl\/wp-content\/uploads\/2021\/10\/telefon-768x115.png 768w\" sizes=\"auto, (max-width: 750px) 100vw, 750px\" \/><\/figure><\/div>\n","protected":false},"excerpt":{"rendered":"<p>Kancelaria \u015bwiadczy kompleksow\u0105 pomoc prawn\u0105 w dziedzinie szeroko poj\u0119tego prawa rodzinnego i opieku\u0144czego. Do spraw prowadzonych przez Kancelari\u0119 nale\u017c\u0105 w szczeg\u00f3lno\u015bci: &#8211; sprawy o rozw\u00f3d &#8211; sprawy o separacj\u0119 &#8211; sprawy o podzia\u0142 maj\u0105tku wsp\u00f3lnego ma\u0142\u017conk\u00f3w &#8211; sprawy alimentacyjne \u2013 o zas\u0105dzenie aliment\u00f3w, o zmian\u0119 wysoko\u015bci aliment\u00f3w, o zniesienie obowi\u0105zku alimentacyjnego &#8211; sprawy o ustalenie [&hellip;]<\/p>\n","protected":false},"author":1,"featured_media":0,"parent":45,"menu_order":2,"comment_status":"closed","ping_status":"closed","template":"","meta":{"footnotes":""},"class_list":["post-49","page","type-page","status-publish","hentry"],"_links":{"self":[{"href":"https:\/\/adwokat-rafalski.waw.pl\/index.php\/wp-json\/wp\/v2\/pages\/49","targetHints":{"allow":["GET"]}}],"collection":[{"href":"https:\/\/adwokat-rafalski.waw.pl\/index.php\/wp-json\/wp\/v2\/pages"}],"about":[{"href":"https:\/\/adwokat-rafalski.waw.pl\/index.php\/wp-json\/wp\/v2\/types\/page"}],"author":[{"embeddable":true,"href":"https:\/\/adwokat-rafalski.waw.pl\/index.php\/wp-json\/wp\/v2\/users\/1"}],"replies":[{"embeddable":true,"href":"https:\/\/adwokat-rafalski.waw.pl\/index.php\/wp-json\/wp\/v2\/comments?post=49"}],"version-history":[{"count":2,"href":"https:\/\/adwokat-rafalski.waw.pl\/index.php\/wp-json\/wp\/v2\/pages\/49\/revisions"}],"predecessor-version":[{"id":237,"href":"https:\/\/adwokat-rafalski.waw.pl\/index.php\/wp-json\/wp\/v2\/pages\/49\/revisions\/237"}],"up":[{"embeddable":true,"href":"https:\/\/adwokat-rafalski.waw.pl\/index.php\/wp-json\/wp\/v2\/pages\/45"}],"wp:attachment":[{"href":"https:\/\/adwokat-rafalski.waw.pl\/index.php\/wp-json\/wp\/v2\/media?parent=49"}],"curies":[{"name":"wp","href":"https:\/\/api.w.org\/{rel}","templated":true}]}}