{"id":43,"date":"2021-09-23T17:03:55","date_gmt":"2021-09-23T17:03:55","guid":{"rendered":"http:\/\/adwokat-rafalski.waw.pl\/?page_id=43"},"modified":"2021-10-22T08:27:06","modified_gmt":"2021-10-22T08:27:06","slug":"adwokat","status":"publish","type":"page","link":"https:\/\/adwokat-rafalski.waw.pl\/index.php\/adwokat\/","title":{"rendered":"Adwokat"},"content":{"rendered":"\n<p><\/p>\n\n\n\n<div class=\"wp-block-image\"><figure class=\"aligncenter size-full is-resized\"><img loading=\"lazy\" decoding=\"async\" src=\"http:\/\/adwokat-rafalski.waw.pl\/wp-content\/uploads\/2021\/10\/napis1.png\" alt=\"\" class=\"wp-image-208\" width=\"750\" height=\"113\" srcset=\"https:\/\/adwokat-rafalski.waw.pl\/wp-content\/uploads\/2021\/10\/napis1.png 1000w, https:\/\/adwokat-rafalski.waw.pl\/wp-content\/uploads\/2021\/10\/napis1-300x45.png 300w, https:\/\/adwokat-rafalski.waw.pl\/wp-content\/uploads\/2021\/10\/napis1-768x115.png 768w\" sizes=\"auto, (max-width: 750px) 100vw, 750px\" \/><\/figure><\/div>\n\n\n\n<p><\/p>\n\n\n\n<p><img loading=\"lazy\" decoding=\"async\" width=\"150\" height=\"204\" align=\"left\" class=\"wp-image-85\" style=\"width: 150px;\" src=\"http:\/\/adwokat-rafalski.waw.pl\/wp-content\/uploads\/2021\/09\/Adwokat_Michal_Rafalski-1.png\" alt=\"Adwokat Micha\u0142 Rafalski\"><strong>Mecenas Micha\u0142 Rafalski<\/strong> \u2013 za\u0142o\u017cyciel i w\u0142a\u015bciciel Kancelarii &#8211; jest adwokatem nale\u017c\u0105cym do Izby Adwokackiej w Warszawie.\u00a0 Adwokat Micha\u0142 Rafalski uko\u0144czy\u0142 z wyr\u00f3\u017cnieniem wy\u017csze studia prawnicze na Wydziale Prawa i Administracji Uniwersytetu Warszawskiego, w okresie studi\u00f3w by\u0142 stypendyst\u0105 naukowym. Mecenas Micha\u0142 Rafalski kontynuowa\u0142 kszta\u0142cenie uniwersyteckie przygotowuj\u0105c rozpraw\u0119 doktorsk\u0105. Adwokat Micha\u0142 Rafalski zda\u0142 z wyr\u00f3\u017cnieniem egzamin wst\u0119pny na aplikacj\u0119 adwokack\u0105, uzyskuj\u0105c jeden z najwy\u017cszych wynik\u00f3w na egzaminie w Warszawie, nast\u0119pnie uko\u0144czy\u0142 aplikacj\u0119 adwokack\u0105 w Izbie Adwokackiej w Warszawie oraz zda\u0142 z wynikiem pozytywnym egzamin adwokacki. Jest wpisany na list\u0119 adwokat\u00f3w prowadzon\u0105 przez Okr\u0119gow\u0105 Rad\u0119 Adwokack\u0105 w Warszawie.<\/p>\n\n\n\n<p>Adwokat Micha\u0142 Rafalski zajmuje si\u0119 wszechstronn\u0105 obs\u0142ug\u0105 s\u0105dow\u0105 zar\u00f3wno os\u00f3b prywatnych, jak i podmiot\u00f3w gospodarczych, a tak\u017ce szeroko rozumianym doradztwem prawnym. Mecenas Micha\u0142 Rafalski ju\u017c od okresu aplikacji adwokackiej z pasj\u0105 i zaanga\u017cowaniem broni\u0142 interes\u00f3w Klient\u00f3w na salach s\u0105dowych. W \u015brodowisku adwokackim jest uznawany za wybitnego m\u00f3wc\u0119 s\u0105dowego \u2013 zosta\u0142 laureatem pierwszego miejsca w Izbowym Konkursie Krasomowczym przeprowadzonym w Izbie Adwokackiej w Warszawie, laureatem pierwszego miejsca w \u015arodowiskowym Konkursie Krasom\u00f3wczym przeprowadzonym w Izbie Adwokackiej w Warszawie, a tak\u017ce wzi\u0105\u0142 udzia\u0142 w Og\u00f3lnopolskim Etapie Konkursu Krasomowczego im. Stanis\u0142awa Mikke.<\/p>\n\n\n\n<p><\/p>\n\n\n\n<p>Adwokat Micha\u0142 Rafalski ma bogate do\u015bwiadczenie zawodowe \u2013 posiada pi\u0119tna\u015bcie lat do\u015bwiadczenia prawniczego. W swojej karierze pracowa\u0142 na wielu stanowiskach prawniczych \u2013 zar\u00f3wno w podmiotach publicznych, jak i prywatnych. Jest autorem licznych publikacji prawniczych \u2013 mi\u0119dzy innymi jest autorem Glosy do uchwa\u0142y sk\u0142adu siedmiu s\u0119dzi\u00f3w S\u0105du Najwy\u017cszego z 7 grudnia 2006 r., opublikowanej w 2009 r. w \u201ePalestrze\u201d \u2013 Pi\u015bmie Adwokatury Polskiej nr 1-2. W latach 2010 \u2013 2011 mecenas Micha\u0142 Rafalski by\u0142 wyk\u0142adowc\u0105 w Wy\u017cszej Szkole Finans\u00f3w i Zarz\u0105dzania w Warszawie, gdzie prowadzi\u0142 zaj\u0119cia dla student\u00f3w prawa.<\/p>\n\n\n\n<p>Adwokat Micha\u0142 Rafalski z ogromnym zaanga\u017cowaniem i rzetelno\u015bci\u0105 prowadzi ka\u017cd\u0105 spraw\u0119. Do ka\u017cdej sprawy podchodzi indywidualnie, znajduj\u0105c skuteczny spos\u00f3b rozwi\u0105zania problemu, pozwalaj\u0105cy Klientom nie tylko osi\u0105gn\u0105\u0107 oczekiwany rezultat, ale tak\u017ce zaoszcz\u0119dzi\u0107 czas i pieni\u0105dze. Wszystkie powierzone mu sprawy prowadzi osobi\u015bcie, co daje Klientom gwarancj\u0119 najwy\u017cszego poziomu obs\u0142ugi prawnej.<\/p>\n\n\n\n<h3 class=\"has-text-align-center wp-block-heading\"><strong>Adwokat Micha\u0142 Rafalski Twoim Adwokatem<\/strong><\/h3>\n","protected":false},"excerpt":{"rendered":"<p>Mecenas Micha\u0142 Rafalski \u2013 za\u0142o\u017cyciel i w\u0142a\u015bciciel Kancelarii &#8211; jest adwokatem nale\u017c\u0105cym do Izby Adwokackiej w Warszawie.\u00a0 Adwokat Micha\u0142 Rafalski uko\u0144czy\u0142 z wyr\u00f3\u017cnieniem wy\u017csze studia prawnicze na Wydziale Prawa i Administracji Uniwersytetu Warszawskiego, w okresie studi\u00f3w by\u0142 stypendyst\u0105 naukowym. Mecenas Micha\u0142 Rafalski kontynuowa\u0142 kszta\u0142cenie uniwersyteckie przygotowuj\u0105c rozpraw\u0119 doktorsk\u0105. Adwokat Micha\u0142 Rafalski zda\u0142 z wyr\u00f3\u017cnieniem egzamin [&hellip;]<\/p>\n","protected":false},"author":1,"featured_media":0,"parent":0,"menu_order":0,"comment_status":"closed","ping_status":"closed","template":"","meta":{"footnotes":""},"class_list":["post-43","page","type-page","status-publish","hentry"],"_links":{"self":[{"href":"https:\/\/adwokat-rafalski.waw.pl\/index.php\/wp-json\/wp\/v2\/pages\/43","targetHints":{"allow":["GET"]}}],"collection":[{"href":"https:\/\/adwokat-rafalski.waw.pl\/index.php\/wp-json\/wp\/v2\/pages"}],"about":[{"href":"https:\/\/adwokat-rafalski.waw.pl\/index.php\/wp-json\/wp\/v2\/types\/page"}],"author":[{"embeddable":true,"href":"https:\/\/adwokat-rafalski.waw.pl\/index.php\/wp-json\/wp\/v2\/users\/1"}],"replies":[{"embeddable":true,"href":"https:\/\/adwokat-rafalski.waw.pl\/index.php\/wp-json\/wp\/v2\/comments?post=43"}],"version-history":[{"count":8,"href":"https:\/\/adwokat-rafalski.waw.pl\/index.php\/wp-json\/wp\/v2\/pages\/43\/revisions"}],"predecessor-version":[{"id":245,"href":"https:\/\/adwokat-rafalski.waw.pl\/index.php\/wp-json\/wp\/v2\/pages\/43\/revisions\/245"}],"wp:attachment":[{"href":"https:\/\/adwokat-rafalski.waw.pl\/index.php\/wp-json\/wp\/v2\/media?parent=43"}],"curies":[{"name":"wp","href":"https:\/\/api.w.org\/{rel}","templated":true}]}}