{"id":41,"date":"2021-09-23T17:03:04","date_gmt":"2021-09-23T17:03:04","guid":{"rendered":"http:\/\/adwokat-rafalski.waw.pl\/?page_id=41"},"modified":"2021-10-22T07:35:48","modified_gmt":"2021-10-22T07:35:48","slug":"kancelaria","status":"publish","type":"page","link":"https:\/\/adwokat-rafalski.waw.pl\/index.php\/kancelaria\/","title":{"rendered":"Kancelaria"},"content":{"rendered":"\n<div class=\"wp-block-image\"><figure class=\"aligncenter size-full is-resized\"><img loading=\"lazy\" decoding=\"async\" src=\"http:\/\/adwokat-rafalski.waw.pl\/wp-content\/uploads\/2021\/10\/napis1.png\" alt=\"\" class=\"wp-image-208\" width=\"750\" height=\"113\" srcset=\"https:\/\/adwokat-rafalski.waw.pl\/wp-content\/uploads\/2021\/10\/napis1.png 1000w, https:\/\/adwokat-rafalski.waw.pl\/wp-content\/uploads\/2021\/10\/napis1-300x45.png 300w, https:\/\/adwokat-rafalski.waw.pl\/wp-content\/uploads\/2021\/10\/napis1-768x115.png 768w\" sizes=\"auto, (max-width: 750px) 100vw, 750px\" \/><\/figure><\/div>\n\n\n\n<p>Kancelaria \u015bwiadczy wszechstronn\u0105 i profesjonaln\u0105 pomoc prawn\u0105 z zakresu szeroko rozumianego prawa cywilnego, rodzinnego, karnego oraz prawa pracy i ubezpiecze\u0144 spo\u0142ecznych. Zajmuje si\u0119 kompleksow\u0105 obs\u0142ug\u0105 prawn\u0105 os\u00f3b prywatnych oraz podmiot\u00f3w gospodarczych. \u015awiadczymy wszechstronn\u0105 pomoc s\u0105dow\u0105 na wszystkich etapach post\u0119powania. Zajmujemy si\u0119 tak\u017ce doradztwem prawnym oraz obs\u0142ug\u0105 podmiot\u00f3w gospodarczych. Przygotowujemy wzory pism procesowych (m. in. pozw\u00f3w, wniosk\u00f3w, apelacji, skarg), wezwa\u0144, pism przedprocesowych, um\u00f3w oraz innych dokument\u00f3w dla naszych Klient\u00f3w. Pomagamy tak\u017ce w ugodowym za\u0142atwianiu spraw (m. in. poprzez udzia\u0142 w negocjacjach i mediacjach).<\/p>\n\n\n\n<p>Kancelaria gwarantuje wysok\u0105 jako\u015b\u0107 us\u0142ug po\u0142\u0105czon\u0105 z dyspozycyjno\u015bci\u0105 i indywidualnym podej\u015bciem do sprawy ka\u017cdego Klienta. Mamy \u015bwiadomo\u015b\u0107, \u017ce ka\u017cda, nawet najdrobniejsza w opinii otoczenia, sprawa naszego Klienta, jest dla niego najwa\u017cniejsza, dlatego do ka\u017cdej sprawy podchodzimy z najwy\u017csz\u0105 powag\u0105 i staranno\u015bci\u0105. \u015awiadczymy pomoc prawn\u0105 dla Klient\u00f3w z ca\u0142ej Polski. Wychodz\u0105c naprzeciw potrzebom i oczekiwaniom naszych Klient\u00f3w, wykazujemy elastyczno\u015b\u0107 w odniesieniu do miejsca i czasu spotkania. Istnieje mo\u017cliwo\u015b\u0107 um\u00f3wienia spotkania w dogodnych dla Klienta godzinach \u2013 tak\u017ce w soboty i niedziele, jak r\u00f3wnie\u017c w dogodnym dla Klienta miejscu \u2013 w siedzibie Kancelarii, jak r\u00f3wnie\u017c poza ni\u0105 (w szczeg\u00f3lno\u015bci mo\u017cliwy jest dojazd do siedziby firmy Klienta). W celu u\u0142atwienia i usprawnienia pomocy prawnej \u015bwiadczymy tak\u017ce porady prawne on-line.&nbsp;&nbsp;<\/p>\n\n\n\n<p>Serdecznie zapraszamy do wsp\u00f3\u0142pracy.&nbsp;&nbsp;&nbsp;<\/p>\n\n\n\n<div class=\"wp-block-image\"><figure class=\"aligncenter size-full is-resized\"><img loading=\"lazy\" decoding=\"async\" src=\"http:\/\/adwokat-rafalski.waw.pl\/wp-content\/uploads\/2021\/10\/telefon.png\" alt=\"\" class=\"wp-image-209\" width=\"750\" height=\"113\" srcset=\"https:\/\/adwokat-rafalski.waw.pl\/wp-content\/uploads\/2021\/10\/telefon.png 1000w, https:\/\/adwokat-rafalski.waw.pl\/wp-content\/uploads\/2021\/10\/telefon-300x45.png 300w, https:\/\/adwokat-rafalski.waw.pl\/wp-content\/uploads\/2021\/10\/telefon-768x115.png 768w\" sizes=\"auto, (max-width: 750px) 100vw, 750px\" \/><\/figure><\/div>\n","protected":false},"excerpt":{"rendered":"<p>Kancelaria \u015bwiadczy wszechstronn\u0105 i profesjonaln\u0105 pomoc prawn\u0105 z zakresu szeroko rozumianego prawa cywilnego, rodzinnego, karnego oraz prawa pracy i ubezpiecze\u0144 spo\u0142ecznych. Zajmuje si\u0119 kompleksow\u0105 obs\u0142ug\u0105 prawn\u0105 os\u00f3b prywatnych oraz podmiot\u00f3w gospodarczych. \u015awiadczymy wszechstronn\u0105 pomoc s\u0105dow\u0105 na wszystkich etapach post\u0119powania. Zajmujemy si\u0119 tak\u017ce doradztwem prawnym oraz obs\u0142ug\u0105 podmiot\u00f3w gospodarczych. Przygotowujemy wzory pism procesowych (m. in. pozw\u00f3w, [&hellip;]<\/p>\n","protected":false},"author":1,"featured_media":0,"parent":0,"menu_order":0,"comment_status":"closed","ping_status":"closed","template":"","meta":{"footnotes":""},"class_list":["post-41","page","type-page","status-publish","hentry"],"_links":{"self":[{"href":"https:\/\/adwokat-rafalski.waw.pl\/index.php\/wp-json\/wp\/v2\/pages\/41","targetHints":{"allow":["GET"]}}],"collection":[{"href":"https:\/\/adwokat-rafalski.waw.pl\/index.php\/wp-json\/wp\/v2\/pages"}],"about":[{"href":"https:\/\/adwokat-rafalski.waw.pl\/index.php\/wp-json\/wp\/v2\/types\/page"}],"author":[{"embeddable":true,"href":"https:\/\/adwokat-rafalski.waw.pl\/index.php\/wp-json\/wp\/v2\/users\/1"}],"replies":[{"embeddable":true,"href":"https:\/\/adwokat-rafalski.waw.pl\/index.php\/wp-json\/wp\/v2\/comments?post=41"}],"version-history":[{"count":4,"href":"https:\/\/adwokat-rafalski.waw.pl\/index.php\/wp-json\/wp\/v2\/pages\/41\/revisions"}],"predecessor-version":[{"id":243,"href":"https:\/\/adwokat-rafalski.waw.pl\/index.php\/wp-json\/wp\/v2\/pages\/41\/revisions\/243"}],"wp:attachment":[{"href":"https:\/\/adwokat-rafalski.waw.pl\/index.php\/wp-json\/wp\/v2\/media?parent=41"}],"curies":[{"name":"wp","href":"https:\/\/api.w.org\/{rel}","templated":true}]}}